{"id":2819,"date":"2020-08-03T14:27:40","date_gmt":"2020-08-03T12:27:40","guid":{"rendered":"https:\/\/autoservizidelfino.it\/azienda\/"},"modified":"2023-05-04T17:42:18","modified_gmt":"2023-05-04T15:42:18","slug":"agentur","status":"publish","type":"page","link":"https:\/\/autoservizidelfino.it\/de\/agentur\/","title":{"rendered":"Agentur"},"content":{"rendered":"<p>[et_pb_section fb_built=&#8220;1&#8243; _builder_version=&#8220;4.5.2&#8243; _module_preset=&#8220;default&#8220; global_colors_info=&#8220;{}&#8220;][et_pb_row _builder_version=&#8220;4.5.2&#8243; _module_preset=&#8220;default&#8220; global_colors_info=&#8220;{}&#8220;][et_pb_column type=&#8220;4_4&#8243; _builder_version=&#8220;4.5.2&#8243; _module_preset=&#8220;default&#8220; global_colors_info=&#8220;{}&#8220;][et_pb_text _builder_version=&#8220;4.14.8&#8243; _module_preset=&#8220;default&#8220; header_font=&#8220;|||on|||||&#8220; header_text_align=&#8220;center&#8220; hover_enabled=&#8220;0&#8243; global_colors_info=&#8220;{}&#8220; sticky_enabled=&#8220;0&#8243;]<\/p>\n<h1>Agentur<\/h1>\n<p>[\/et_pb_text][et_pb_blurb image=&#8220;https:\/\/autoservizidelfino.it\/wp-content\/uploads\/2020\/08\/calendario.png&#8220; icon_placement=&#8220;left&#8220; image_icon_width=&#8220;70px&#8220; content_max_width=&#8220;100%&#8220; _builder_version=&#8220;4.14.8&#8243; _module_preset=&#8220;default&#8220; hover_enabled=&#8220;0&#8243; image_max_width=&#8220;70px&#8220; global_colors_info=&#8220;{}&#8220; sticky_enabled=&#8220;0&#8243;]<\/p>\n<p>Autoservizi Delfino ist seit 1975 im wirtschaftlichen Herzen von Venedig Mestre, im zentralen Corso del Popolo, pr\u00e4sent. Wir sind ein Familienunternehmen und k\u00fcmmern uns pers\u00f6nlich um jeden einzelnen Kunden, indem wir h\u00f6chste Aufmerksamkeit und Sorgfalt auf den von uns angebotenen Service legen.<\/p>\n<p>[\/et_pb_blurb][et_pb_blurb image=&#8220;https:\/\/autoservizidelfino.it\/wp-content\/uploads\/2020\/08\/carte.png&#8220; icon_placement=&#8220;left&#8220; image_icon_width=&#8220;70px&#8220; content_max_width=&#8220;100%&#8220; _builder_version=&#8220;4.14.8&#8243; _module_preset=&#8220;default&#8220; hover_enabled=&#8220;0&#8243; image_max_width=&#8220;70px&#8220; global_colors_info=&#8220;{}&#8220; sticky_enabled=&#8220;0&#8243;]<\/p>\n<p>Unsere strategische Lage, nur 10 Minuten von Venedig und der Autobahn A57 entfernt, erm\u00f6glicht es uns, in kurzer Zeit die Hauptverkehrsadern zu erreichen, die uns mit ganz Italien und dem Ausland verbinden. Die Qualit\u00e4t unserer Dienstleistungen und unser effizienter, junger und gut ausgestatteter Fahrzeugpark haben uns im Laufe der Jahre zu einem f\u00fchrenden Unternehmen im Bereich Chauffeur- und Mietwagen in der Region gemacht.<\/p>\n<p>[\/et_pb_blurb][et_pb_blurb image=&#8220;https:\/\/autoservizidelfino.it\/wp-content\/uploads\/2020\/08\/lucchetto-1.png&#8220; icon_placement=&#8220;left&#8220; image_icon_width=&#8220;70px&#8220; content_max_width=&#8220;100%&#8220; _builder_version=&#8220;4.14.8&#8243; _module_preset=&#8220;default&#8220; hover_enabled=&#8220;0&#8243; image_max_width=&#8220;70px&#8220; global_colors_info=&#8220;{}&#8220; sticky_enabled=&#8220;0&#8243;]<\/p>\n<p>Qualit\u00e4t und Professionalit\u00e4t sind die beiden S\u00e4ulen, auf denen unser Unternehmen basiert, zusammen mit der Aufmerksamkeit f\u00fcr Details und einer Philosophie, nach der der Kundenservice eine entscheidende Rolle spielt. Um diese Aspekte zu st\u00e4rken, haben wir das Qualit\u00e4tsmanagementsystem nach der Norm UNI EN ISO 9001 erworben.<\/p>\n<p>[\/et_pb_blurb][et_pb_blurb image=&#8220;https:\/\/autoservizidelfino.it\/wp-content\/uploads\/2020\/08\/orologio-1.png&#8220; icon_placement=&#8220;left&#8220; image_icon_width=&#8220;70px&#8220; content_max_width=&#8220;100%&#8220; _builder_version=&#8220;4.14.8&#8243; _module_preset=&#8220;default&#8220; hover_enabled=&#8220;0&#8243; image_max_width=&#8220;70px&#8220; global_colors_info=&#8220;{}&#8220; sticky_enabled=&#8220;0&#8243;]<\/p>\n<p>Zu unseren Kunden z\u00e4hlen \u00f6ffentliche Einrichtungen, national und international bedeutende Unternehmen, Kreditinstitute und Filmproduktionsfirmen.<\/p>\n<p>[\/et_pb_blurb][\/et_pb_column][\/et_pb_row][\/et_pb_section]<\/p>\n","protected":false},"excerpt":{"rendered":"<p>AgenturAutoservizi Delfino ist seit 1975 im wirtschaftlichen Herzen von Venedig Mestre, im zentralen Corso del Popolo, pr\u00e4sent. Wir sind ein Familienunternehmen und k\u00fcmmern uns pers\u00f6nlich um jeden einzelnen Kunden, indem wir h\u00f6chste Aufmerksamkeit und Sorgfalt auf den von uns angebotenen Service legen.Unsere strategische Lage, nur 10 Minuten von Venedig und der Autobahn A57 entfernt, erm\u00f6glicht [&hellip;]<\/p>\n","protected":false},"author":1,"featured_media":0,"parent":0,"menu_order":0,"comment_status":"closed","ping_status":"closed","template":"","meta":{"_et_pb_use_builder":"on","_et_pb_old_content":"","_et_gb_content_width":""},"yoast_head":"<!-- This site is optimized with the Yoast SEO plugin v15.4 - https:\/\/yoast.com\/wordpress\/plugins\/seo\/ -->\n<title>Agentur | Autoservizi Delfino<\/title>\n<meta name=\"robots\" content=\"index, follow, max-snippet:-1, max-image-preview:large, max-video-preview:-1\" \/>\n<link rel=\"canonical\" href=\"https:\/\/autoservizidelfino.it\/de\/agentur\/\" \/>\n<meta property=\"og:locale\" content=\"de_DE\" \/>\n<meta property=\"og:type\" content=\"article\" \/>\n<meta property=\"og:title\" content=\"Agentur | Autoservizi Delfino\" \/>\n<meta property=\"og:description\" content=\"AgenturAutoservizi Delfino ist seit 1975 im wirtschaftlichen Herzen von Venedig Mestre, im zentralen Corso del Popolo, pr\u00e4sent. Wir sind ein Familienunternehmen und k\u00fcmmern uns pers\u00f6nlich um jeden einzelnen Kunden, indem wir h\u00f6chste Aufmerksamkeit und Sorgfalt auf den von uns angebotenen Service legen.Unsere strategische Lage, nur 10 Minuten von Venedig und der Autobahn A57 entfernt, erm\u00f6glicht [&hellip;]\" \/>\n<meta property=\"og:url\" content=\"https:\/\/autoservizidelfino.it\/de\/agentur\/\" \/>\n<meta property=\"og:site_name\" content=\"Autoservizi Delfino\" \/>\n<meta property=\"article:modified_time\" content=\"2023-05-04T15:42:18+00:00\" \/>\n<meta name=\"twitter:card\" content=\"summary_large_image\" \/>\n<meta name=\"twitter:label1\" content=\"Verfasst von\">\n\t<meta name=\"twitter:data1\" content=\"wp-backend\">\n\t<meta name=\"twitter:label2\" content=\"Gesch\u00e4tzte Lesezeit\">\n\t<meta name=\"twitter:data2\" content=\"2\u00a0Minuten\">\n<script type=\"application\/ld+json\" class=\"yoast-schema-graph\">{\"@context\":\"https:\/\/schema.org\",\"@graph\":[{\"@type\":\"Organization\",\"@id\":\"https:\/\/teal-rail-975643.hostingersite.com\/#organization\",\"name\":\"AUTOSERVIZI DELFINO SNC\",\"url\":\"https:\/\/teal-rail-975643.hostingersite.com\/\",\"sameAs\":[],\"logo\":{\"@type\":\"ImageObject\",\"@id\":\"https:\/\/teal-rail-975643.hostingersite.com\/#logo\",\"inLanguage\":\"de\",\"url\":\"https:\/\/autoservizidelfino.it\/wp-content\/uploads\/2020\/08\/logo.png\",\"width\":331,\"height\":104,\"caption\":\"AUTOSERVIZI DELFINO SNC\"},\"image\":{\"@id\":\"https:\/\/teal-rail-975643.hostingersite.com\/#logo\"}},{\"@type\":\"WebSite\",\"@id\":\"https:\/\/teal-rail-975643.hostingersite.com\/#website\",\"url\":\"https:\/\/teal-rail-975643.hostingersite.com\/\",\"name\":\"Autoservizi Delfino\",\"description\":\"Noleggio Automezzi con Autista\",\"publisher\":{\"@id\":\"https:\/\/teal-rail-975643.hostingersite.com\/#organization\"},\"potentialAction\":[{\"@type\":\"SearchAction\",\"target\":\"https:\/\/teal-rail-975643.hostingersite.com\/?s={search_term_string}\",\"query-input\":\"required name=search_term_string\"}],\"inLanguage\":\"de\"},{\"@type\":\"WebPage\",\"@id\":\"https:\/\/autoservizidelfino.it\/de\/agentur\/#webpage\",\"url\":\"https:\/\/autoservizidelfino.it\/de\/agentur\/\",\"name\":\"Agentur | Autoservizi Delfino\",\"isPartOf\":{\"@id\":\"https:\/\/teal-rail-975643.hostingersite.com\/#website\"},\"datePublished\":\"2020-08-03T12:27:40+00:00\",\"dateModified\":\"2023-05-04T15:42:18+00:00\",\"inLanguage\":\"de\",\"potentialAction\":[{\"@type\":\"ReadAction\",\"target\":[\"https:\/\/autoservizidelfino.it\/de\/agentur\/\"]}]}]}<\/script>\n<!-- \/ Yoast SEO plugin. -->","_links":{"self":[{"href":"https:\/\/autoservizidelfino.it\/de\/wp-json\/wp\/v2\/pages\/2819\/"}],"collection":[{"href":"https:\/\/autoservizidelfino.it\/de\/wp-json\/wp\/v2\/pages\/"}],"about":[{"href":"https:\/\/autoservizidelfino.it\/de\/wp-json\/wp\/v2\/types\/page\/"}],"author":[{"embeddable":true,"href":"https:\/\/autoservizidelfino.it\/de\/wp-json\/wp\/v2\/users\/1\/"}],"replies":[{"embeddable":true,"href":"https:\/\/autoservizidelfino.it\/de\/wp-json\/wp\/v2\/comments\/?post=2819"}],"version-history":[{"count":4,"href":"https:\/\/autoservizidelfino.it\/de\/wp-json\/wp\/v2\/pages\/2819\/revisions\/"}],"predecessor-version":[{"id":2824,"href":"https:\/\/autoservizidelfino.it\/de\/wp-json\/wp\/v2\/pages\/2819\/revisions\/2824\/"}],"wp:attachment":[{"href":"https:\/\/autoservizidelfino.it\/de\/wp-json\/wp\/v2\/media\/?parent=2819"}],"curies":[{"name":"wp","href":"https:\/\/api.w.org\/{rel}","templated":true}]}}