{"id":2831,"date":"2020-10-06T16:06:41","date_gmt":"2020-10-06T14:06:41","guid":{"rendered":"https:\/\/autoservizidelfino.it\/i-nostri-mezzi\/"},"modified":"2023-05-04T17:46:52","modified_gmt":"2023-05-04T15:46:52","slug":"unsere-fahrzeuge","status":"publish","type":"page","link":"https:\/\/autoservizidelfino.it\/de\/unsere-fahrzeuge\/","title":{"rendered":"Unsere Fahrzeuge"},"content":{"rendered":"<p>[et_pb_section fb_built=&#8220;1&#8243; _builder_version=&#8220;4.5.2&#8243; _module_preset=&#8220;default&#8220; global_colors_info=&#8220;{}&#8220;][et_pb_row _builder_version=&#8220;4.5.2&#8243; _module_preset=&#8220;default&#8220; global_colors_info=&#8220;{}&#8220;][et_pb_column type=&#8220;4_4&#8243; _builder_version=&#8220;4.5.2&#8243; _module_preset=&#8220;default&#8220; global_colors_info=&#8220;{}&#8220;][et_pb_text _builder_version=&#8220;4.14.8&#8243; _module_preset=&#8220;default&#8220; header_font=&#8220;|||on|||||&#8220; header_text_align=&#8220;center&#8220; hover_enabled=&#8220;0&#8243; global_colors_info=&#8220;{}&#8220; sticky_enabled=&#8220;0&#8243;]<\/p>\n<h1>Unsere Fahrzeuge<\/h1>\n<p>[\/et_pb_text][et_pb_text _builder_version=&#8220;4.14.8&#8243; _module_preset=&#8220;default&#8220; text_font=&#8220;|300|||||||&#8220; hover_enabled=&#8220;0&#8243; global_colors_info=&#8220;{}&#8220; sticky_enabled=&#8220;0&#8243;]<\/p>\n<p>Autoservizi Delfino verf\u00fcgt \u00fcber einen Fuhrpark, der alle Bed\u00fcrfnisse unserer Kunden erf\u00fcllen kann. Autos, Minivans und Vans &#8211; jeder von ihnen ist auf dem neuesten Stand der Technik, sowohl hinsichtlich der Fahrzeugtypen als auch des Alters der Fahrzeuge, die nicht \u00e4lter als 5 Jahre sind.<\/p>\n<p>Unsere Fahrzeuge werden regelm\u00e4\u00dfig gewartet und bei jeder Verwendung auch mit einem Ozonsystem desinfiziert. Die Einhaltung aller Sicherheitsvorschriften und die Sorgfalt und Professionalit\u00e4t bei der Bearbeitung jeder einzelnen Anfrage unserer Kunden sind unsere Priorit\u00e4ten.<\/p>\n<p>[\/et_pb_text][\/et_pb_column][\/et_pb_row][\/et_pb_section]<\/p>\n","protected":false},"excerpt":{"rendered":"<p>Unsere FahrzeugeAutoservizi Delfino verf\u00fcgt \u00fcber einen Fuhrpark, der alle Bed\u00fcrfnisse unserer Kunden erf\u00fcllen kann. Autos, Minivans und Vans &#8211; jeder von ihnen ist auf dem neuesten Stand der Technik, sowohl hinsichtlich der Fahrzeugtypen als auch des Alters der Fahrzeuge, die nicht \u00e4lter als 5 Jahre sind. Unsere Fahrzeuge werden regelm\u00e4\u00dfig gewartet und bei jeder Verwendung [&hellip;]<\/p>\n","protected":false},"author":1,"featured_media":0,"parent":0,"menu_order":0,"comment_status":"closed","ping_status":"closed","template":"","meta":{"_et_pb_use_builder":"on","_et_pb_old_content":"","_et_gb_content_width":""},"yoast_head":"<!-- This site is optimized with the Yoast SEO plugin v15.4 - https:\/\/yoast.com\/wordpress\/plugins\/seo\/ -->\n<title>Unsere Fahrzeuge | Autoservizi Delfino<\/title>\n<meta name=\"robots\" content=\"index, follow, max-snippet:-1, max-image-preview:large, max-video-preview:-1\" \/>\n<link rel=\"canonical\" href=\"https:\/\/autoservizidelfino.it\/de\/unsere-fahrzeuge\/\" \/>\n<meta property=\"og:locale\" content=\"de_DE\" \/>\n<meta property=\"og:type\" content=\"article\" \/>\n<meta property=\"og:title\" content=\"Unsere Fahrzeuge | Autoservizi Delfino\" \/>\n<meta property=\"og:description\" content=\"Unsere FahrzeugeAutoservizi Delfino verf\u00fcgt \u00fcber einen Fuhrpark, der alle Bed\u00fcrfnisse unserer Kunden erf\u00fcllen kann. Autos, Minivans und Vans - jeder von ihnen ist auf dem neuesten Stand der Technik, sowohl hinsichtlich der Fahrzeugtypen als auch des Alters der Fahrzeuge, die nicht \u00e4lter als 5 Jahre sind. Unsere Fahrzeuge werden regelm\u00e4\u00dfig gewartet und bei jeder Verwendung [&hellip;]\" \/>\n<meta property=\"og:url\" content=\"https:\/\/autoservizidelfino.it\/de\/unsere-fahrzeuge\/\" \/>\n<meta property=\"og:site_name\" content=\"Autoservizi Delfino\" \/>\n<meta property=\"article:modified_time\" content=\"2023-05-04T15:46:52+00:00\" \/>\n<meta name=\"twitter:card\" content=\"summary_large_image\" \/>\n<meta name=\"twitter:label1\" content=\"Verfasst von\">\n\t<meta name=\"twitter:data1\" content=\"wp-backend\">\n\t<meta name=\"twitter:label2\" content=\"Gesch\u00e4tzte Lesezeit\">\n\t<meta name=\"twitter:data2\" content=\"1\u00a0Minute\">\n<script type=\"application\/ld+json\" class=\"yoast-schema-graph\">{\"@context\":\"https:\/\/schema.org\",\"@graph\":[{\"@type\":\"Organization\",\"@id\":\"https:\/\/teal-rail-975643.hostingersite.com\/#organization\",\"name\":\"AUTOSERVIZI DELFINO SNC\",\"url\":\"https:\/\/teal-rail-975643.hostingersite.com\/\",\"sameAs\":[],\"logo\":{\"@type\":\"ImageObject\",\"@id\":\"https:\/\/teal-rail-975643.hostingersite.com\/#logo\",\"inLanguage\":\"de\",\"url\":\"https:\/\/autoservizidelfino.it\/wp-content\/uploads\/2020\/08\/logo.png\",\"width\":331,\"height\":104,\"caption\":\"AUTOSERVIZI DELFINO SNC\"},\"image\":{\"@id\":\"https:\/\/teal-rail-975643.hostingersite.com\/#logo\"}},{\"@type\":\"WebSite\",\"@id\":\"https:\/\/teal-rail-975643.hostingersite.com\/#website\",\"url\":\"https:\/\/teal-rail-975643.hostingersite.com\/\",\"name\":\"Autoservizi Delfino\",\"description\":\"Noleggio Automezzi con Autista\",\"publisher\":{\"@id\":\"https:\/\/teal-rail-975643.hostingersite.com\/#organization\"},\"potentialAction\":[{\"@type\":\"SearchAction\",\"target\":\"https:\/\/teal-rail-975643.hostingersite.com\/?s={search_term_string}\",\"query-input\":\"required name=search_term_string\"}],\"inLanguage\":\"de\"},{\"@type\":\"WebPage\",\"@id\":\"https:\/\/autoservizidelfino.it\/de\/unsere-fahrzeuge\/#webpage\",\"url\":\"https:\/\/autoservizidelfino.it\/de\/unsere-fahrzeuge\/\",\"name\":\"Unsere Fahrzeuge | Autoservizi Delfino\",\"isPartOf\":{\"@id\":\"https:\/\/teal-rail-975643.hostingersite.com\/#website\"},\"datePublished\":\"2020-10-06T14:06:41+00:00\",\"dateModified\":\"2023-05-04T15:46:52+00:00\",\"inLanguage\":\"de\",\"potentialAction\":[{\"@type\":\"ReadAction\",\"target\":[\"https:\/\/autoservizidelfino.it\/de\/unsere-fahrzeuge\/\"]}]}]}<\/script>\n<!-- \/ Yoast SEO plugin. -->","_links":{"self":[{"href":"https:\/\/autoservizidelfino.it\/de\/wp-json\/wp\/v2\/pages\/2831\/"}],"collection":[{"href":"https:\/\/autoservizidelfino.it\/de\/wp-json\/wp\/v2\/pages\/"}],"about":[{"href":"https:\/\/autoservizidelfino.it\/de\/wp-json\/wp\/v2\/types\/page\/"}],"author":[{"embeddable":true,"href":"https:\/\/autoservizidelfino.it\/de\/wp-json\/wp\/v2\/users\/1\/"}],"replies":[{"embeddable":true,"href":"https:\/\/autoservizidelfino.it\/de\/wp-json\/wp\/v2\/comments\/?post=2831"}],"version-history":[{"count":4,"href":"https:\/\/autoservizidelfino.it\/de\/wp-json\/wp\/v2\/pages\/2831\/revisions\/"}],"predecessor-version":[{"id":2835,"href":"https:\/\/autoservizidelfino.it\/de\/wp-json\/wp\/v2\/pages\/2831\/revisions\/2835\/"}],"wp:attachment":[{"href":"https:\/\/autoservizidelfino.it\/de\/wp-json\/wp\/v2\/media\/?parent=2831"}],"curies":[{"name":"wp","href":"https:\/\/api.w.org\/{rel}","templated":true}]}}