{"id":231,"date":"2020-08-03T14:27:44","date_gmt":"2020-08-03T12:27:44","guid":{"rendered":"https:\/\/autoservizidelfino.it\/servizi\/"},"modified":"2023-02-02T17:20:11","modified_gmt":"2023-02-02T16:20:11","slug":"services","status":"publish","type":"page","link":"https:\/\/autoservizidelfino.it\/en\/services\/","title":{"rendered":"Services"},"content":{"rendered":"<p>[et_pb_section fb_built=&#8221;1&#8243; _builder_version=&#8221;4.5.2&#8243; _module_preset=&#8221;default&#8221; global_colors_info=&#8221;{}&#8221;][et_pb_row _builder_version=&#8221;4.5.2&#8243; _module_preset=&#8221;default&#8221; max_width=&#8221;100%&#8221; global_colors_info=&#8221;{}&#8221;][et_pb_column type=&#8221;4_4&#8243; _builder_version=&#8221;4.5.2&#8243; _module_preset=&#8221;default&#8221; global_colors_info=&#8221;{}&#8221;][et_pb_text _builder_version=&#8221;4.5.2&#8243; _module_preset=&#8221;default&#8221; header_font=&#8221;|||on|||||&#8221; header_text_align=&#8221;center&#8221; global_colors_info=&#8221;{}&#8221;]<\/p>\n<h1>Services<\/h1>\n<p>[\/et_pb_text][et_pb_blog fullwidth=&#8221;off&#8221; posts_number=&#8221;12&#8243; include_categories=&#8221;11&#8243; show_author=&#8221;off&#8221; show_date=&#8221;off&#8221; show_categories=&#8221;off&#8221; show_excerpt=&#8221;off&#8221; module_class=&#8221;ds-blog-square&#8221; _builder_version=&#8221;4.5.2&#8243; _module_preset=&#8221;default&#8221; global_colors_info=&#8221;{}&#8221;][\/et_pb_blog][et_pb_code _builder_version=&#8221;4.14.8&#8243; _module_preset=&#8221;default&#8221; hover_enabled=&#8221;0&#8243; sticky_enabled=&#8221;0&#8243;]<div role=\"form\" class=\"wpcf7\" id=\"wpcf7-f2531-o1\" lang=\"it-IT\" dir=\"ltr\">\n<div class=\"screen-reader-response\"><p role=\"status\" aria-live=\"polite\" aria-atomic=\"true\"><\/p> <ul><\/ul><\/div>\n<form action=\"\/en\/wp-json\/wp\/v2\/pages\/231#wpcf7-f2531-o1\" method=\"post\" class=\"wpcf7-form init\" novalidate=\"novalidate\" data-status=\"init\">\n<div style=\"display: none;\">\n<input type=\"hidden\" name=\"_wpcf7\" value=\"2531\" \/>\n<input type=\"hidden\" name=\"_wpcf7_version\" value=\"5.3.1\" \/>\n<input type=\"hidden\" name=\"_wpcf7_locale\" value=\"it_IT\" \/>\n<input type=\"hidden\" name=\"_wpcf7_unit_tag\" value=\"wpcf7-f2531-o1\" \/>\n<input type=\"hidden\" name=\"_wpcf7_container_post\" value=\"0\" \/>\n<input type=\"hidden\" name=\"_wpcf7_posted_data_hash\" value=\"\" \/>\n<input type=\"hidden\" name=\"_wpcf7_recaptcha_response\" value=\"\" \/>\n<\/div>\n<p><span class=\"wpcf7-form-control-wrap your-name\"><input type=\"text\" name=\"your-name\" value=\"\" size=\"40\" class=\"wpcf7-form-control wpcf7-text wpcf7-validates-as-required\" aria-required=\"true\" aria-invalid=\"false\" placeholder=\"Name*\" \/><\/span> <\/p>\n<p><span class=\"wpcf7-form-control-wrap your-name\"><input type=\"text\" name=\"your-name\" value=\"\" size=\"40\" class=\"wpcf7-form-control wpcf7-text wpcf7-validates-as-required\" aria-required=\"true\" aria-invalid=\"false\" placeholder=\"Surname*\" \/><\/span> <\/p>\n<p><span class=\"wpcf7-form-control-wrap your-phone\"><input type=\"tel\" name=\"your-phone\" value=\"\" size=\"40\" class=\"wpcf7-form-control wpcf7-text wpcf7-tel wpcf7-validates-as-required wpcf7-validates-as-tel\" aria-required=\"true\" aria-invalid=\"false\" placeholder=\"Phone*\" \/><\/span> <\/p>\n<p><span class=\"wpcf7-form-control-wrap your-email\"><input type=\"email\" name=\"your-email\" value=\"\" size=\"40\" class=\"wpcf7-form-control wpcf7-text wpcf7-email wpcf7-validates-as-required wpcf7-validates-as-email\" aria-required=\"true\" aria-invalid=\"false\" placeholder=\"E-mail*\" \/><\/span> <\/p>\n<p>Check in: <span class=\"wpcf7-form-control-wrap date-arrivo\"><input type=\"date\" name=\"date-arrivo\" value=\"\" class=\"wpcf7-form-control wpcf7-date wpcf7-validates-as-required wpcf7-validates-as-date\" aria-required=\"true\" aria-invalid=\"false\" placeholder=\"Data arrivo*\" \/><\/span> <\/p>\n<p>Arrival time (0-24):<span class=\"wpcf7-form-control-wrap Ora-arrivo\"><input type=\"number\" name=\"Ora-arrivo\" value=\"\" class=\"wpcf7-form-control wpcf7-number wpcf7-validates-as-number\" min=\"0\" max=\"24\" aria-invalid=\"false\" \/><\/span><\/p>\n<p>Check out:<span class=\"wpcf7-form-control-wrap date-partenza\"><input type=\"date\" name=\"date-partenza\" value=\"\" class=\"wpcf7-form-control wpcf7-date wpcf7-validates-as-required wpcf7-validates-as-date\" aria-required=\"true\" aria-invalid=\"false\" placeholder=\"Data partenza*\" \/><\/span> <\/p>\n<p>Departure time (0-24):<span class=\"wpcf7-form-control-wrap Ora-partenza\"><input type=\"number\" name=\"Ora-partenza\" value=\"\" class=\"wpcf7-form-control wpcf7-number wpcf7-validates-as-number\" min=\"0\" max=\"24\" aria-invalid=\"false\" \/><\/span><\/p>\n<p>Vehicle type:<br><br \/>\n<span class=\"wpcf7-form-control-wrap Tipo-veicolo\"><select name=\"Tipo-veicolo\" class=\"wpcf7-form-control wpcf7-select\" aria-invalid=\"false\"><option value=\"Car\">Car<\/option><option value=\"Van\">Van<\/option><option value=\"Motorcycle\">Motorcycle<\/option><\/select><\/span><\/p>\n<p><span class=\"wpcf7-form-control-wrap targa\"><input type=\"text\" name=\"targa\" value=\"\" size=\"40\" class=\"wpcf7-form-control wpcf7-text\" aria-invalid=\"false\" placeholder=\"License plate\" \/><\/span><br><br \/>\n<span class=\"wpcf7-form-control-wrap model\"><input type=\"text\" name=\"model\" value=\"\" size=\"40\" class=\"wpcf7-form-control wpcf7-text\" aria-invalid=\"false\" placeholder=\"Model\" \/><\/span><\/p>\n<p><span class=\"wpcf7-form-control-wrap your-message\"><textarea name=\"your-message\" cols=\"40\" rows=\"10\" class=\"wpcf7-form-control wpcf7-textarea\" aria-invalid=\"false\" placeholder=\"Message\"><\/textarea><\/span> <\/p>\n<p class=\"ptag\">Privacy:<\/p>\n<div class=\"privacy\">\n<p>La scrivente fornisce, di seguito, le informazioni riguardanti l\u2019utilizzo dei dati personali da Lei rilasciati attraverso la compilazione di questo form, in osservanza alle norme di cui al Regolamento UE 2016\/679, relativo alla protezione delle persone fisiche con riguardo al trattamento dei dati personali, nonch\u00e9 alla libera circolazione di tali dati (noto anche come GDPR). I dati concernenti la Sua persona, da Lei spontaneamente forniti tramite la compilazione di moduli informatici, vengono raccolti esclusivamente per consentire il contatto con l\u2019azienda e, eventualmente, eseguire il contratto con Lei concluso. Il conferimento, da parte Sua, dei dati in parola ha natura obbligatoria; il suo eventuale rifiuto non ci permetter\u00e0 di fornirLe il prodotto\/servizio da Lei richiesto (potenzialmente esponendoLa a responsabilit\u00e0 per inadempimento contrattuale) e, comunque, di evadere la Sua richiesta. All\u2019interno della nostra struttura potr\u00e0 venire a conoscenza dei dati solo il personale incaricato di effettuare operazioni di trattamento dei dati stessi, sempre per le citate finalit\u00e0. Le ricordiamo inoltre che, facendone apposita richiesta al titolare del trattamento, potr\u00e0 esercitare tutti i diritti previsti dagli articoli da 15 a 22 del predetto Regolamento UE, che Le consentono, in particolare, la facolt\u00e0 di chiedere l\u2019accesso ai dati personali e di estrarne copia (art. 15 GDPR), la rettifica (art. 16 GDPR) e la cancellazione degli stessi (art. 17 GDPR), la limitazione del trattamento che La riguardi (art. 18 GDPR), la portabilit\u00e0 dei dati (art. 20 GDPR, ove ne ricorrano i presupposti) e di opporsi al trattamento che La riguardi (artt. 21 e 22 GDPR, per le ipotesi ivi menzionate e, in particolare, al trattamento per finalit\u00e0 di marketing o che si traduca in un processo decisionale automatizzato, compresa la profilazione, che produca effetti giuridici che lo riguardano, ove ne ricorrano i presupposti). Le ricordiamo, altres\u00ec, il Suo diritto, qualora il trattamento sia basato sul consenso, di revocare detto consenso in qualsiasi momento, senza pregiudicare la liceit\u00e0 del trattamento basata sul consenso prestato prima della revoca; per fare ci\u00f2, pu\u00f2 disiscriversi in ogni momento contattando il titolare del trattamento ai recapiti pubblicati sul sito stesso. La informiamo, inoltre, del diritto di proporre reclamo all\u2019Autorit\u00e0 Garante per la Protezione dei Dati Personali, quale autorit\u00e0 di controllo operante in Italia, e di proporre ricorso giurisdizionale, tanto avverso una decisione dell\u2019Autorit\u00e0 Garante, quanto nei confronti del titolare del trattamento stesso e\/o di un responsabile del trattamento.<\/p>\n<\/div>\n<p><span class=\"wpcf7-form-control-wrap checkbox-899\"><span class=\"wpcf7-form-control wpcf7-checkbox wpcf7-validates-as-required\"><span class=\"wpcf7-list-item first last\"><input type=\"checkbox\" name=\"checkbox-899[]\" value=\"* Ho letto e accetto le condizioni della Privacy\" \/><span class=\"wpcf7-list-item-label\">* Ho letto e accetto le condizioni della Privacy<\/span><\/span><\/span><\/span><\/p>\n<p><input type=\"submit\" value=\"Invia\" class=\"wpcf7-form-control wpcf7-submit\" \/><\/p>\n<div class=\"wpcf7-response-output\" aria-hidden=\"true\"><\/div><\/form><\/div>[\/et_pb_code][\/et_pb_column][\/et_pb_row][\/et_pb_section]<\/p>\n","protected":false},"excerpt":{"rendered":"<p>Services<div role=\"form\" class=\"wpcf7\" id=\"wpcf7-f2531-o2\" lang=\"it-IT\" dir=\"ltr\">\n<div class=\"screen-reader-response\"><p role=\"status\" aria-live=\"polite\" aria-atomic=\"true\"><\/p> <ul><\/ul><\/div>\n<form action=\"\/en\/wp-json\/wp\/v2\/pages\/231#wpcf7-f2531-o2\" method=\"post\" class=\"wpcf7-form init\" novalidate=\"novalidate\" data-status=\"init\">\n<div style=\"display: none;\">\n<input type=\"hidden\" name=\"_wpcf7\" value=\"2531\" \/>\n<input type=\"hidden\" name=\"_wpcf7_version\" value=\"5.3.1\" \/>\n<input type=\"hidden\" name=\"_wpcf7_locale\" value=\"it_IT\" \/>\n<input type=\"hidden\" name=\"_wpcf7_unit_tag\" value=\"wpcf7-f2531-o2\" \/>\n<input type=\"hidden\" name=\"_wpcf7_container_post\" value=\"0\" \/>\n<input type=\"hidden\" name=\"_wpcf7_posted_data_hash\" value=\"\" \/>\n<input type=\"hidden\" name=\"_wpcf7_recaptcha_response\" value=\"\" \/>\n<\/div>\n<p><span class=\"wpcf7-form-control-wrap your-name\"><input type=\"text\" name=\"your-name\" value=\"\" size=\"40\" class=\"wpcf7-form-control wpcf7-text wpcf7-validates-as-required\" aria-required=\"true\" aria-invalid=\"false\" placeholder=\"Name*\" \/><\/span> <\/p>\n<p><span class=\"wpcf7-form-control-wrap your-name\"><input type=\"text\" name=\"your-name\" value=\"\" size=\"40\" class=\"wpcf7-form-control wpcf7-text wpcf7-validates-as-required\" aria-required=\"true\" aria-invalid=\"false\" placeholder=\"Surname*\" \/><\/span> <\/p>\n<p><span class=\"wpcf7-form-control-wrap your-phone\"><input type=\"tel\" name=\"your-phone\" value=\"\" size=\"40\" class=\"wpcf7-form-control wpcf7-text wpcf7-tel wpcf7-validates-as-required wpcf7-validates-as-tel\" aria-required=\"true\" aria-invalid=\"false\" placeholder=\"Phone*\" \/><\/span> <\/p>\n<p><span class=\"wpcf7-form-control-wrap your-email\"><input type=\"email\" name=\"your-email\" value=\"\" size=\"40\" class=\"wpcf7-form-control wpcf7-text wpcf7-email wpcf7-validates-as-required wpcf7-validates-as-email\" aria-required=\"true\" aria-invalid=\"false\" placeholder=\"E-mail*\" \/><\/span> <\/p>\n<p>Check in: <span class=\"wpcf7-form-control-wrap date-arrivo\"><input type=\"date\" name=\"date-arrivo\" value=\"\" class=\"wpcf7-form-control wpcf7-date wpcf7-validates-as-required wpcf7-validates-as-date\" aria-required=\"true\" aria-invalid=\"false\" placeholder=\"Data arrivo*\" \/><\/span> <\/p>\n<p>Arrival time (0-24):<span class=\"wpcf7-form-control-wrap Ora-arrivo\"><input type=\"number\" name=\"Ora-arrivo\" value=\"\" class=\"wpcf7-form-control wpcf7-number wpcf7-validates-as-number\" min=\"0\" max=\"24\" aria-invalid=\"false\" \/><\/span><\/p>\n<p>Check out:<span class=\"wpcf7-form-control-wrap date-partenza\"><input type=\"date\" name=\"date-partenza\" value=\"\" class=\"wpcf7-form-control wpcf7-date wpcf7-validates-as-required wpcf7-validates-as-date\" aria-required=\"true\" aria-invalid=\"false\" placeholder=\"Data partenza*\" \/><\/span> <\/p>\n<p>Departure time (0-24):<span class=\"wpcf7-form-control-wrap Ora-partenza\"><input type=\"number\" name=\"Ora-partenza\" value=\"\" class=\"wpcf7-form-control wpcf7-number wpcf7-validates-as-number\" min=\"0\" max=\"24\" aria-invalid=\"false\" \/><\/span><\/p>\n<p>Vehicle type:<br><br \/>\n<span class=\"wpcf7-form-control-wrap Tipo-veicolo\"><select name=\"Tipo-veicolo\" class=\"wpcf7-form-control wpcf7-select\" aria-invalid=\"false\"><option value=\"Car\">Car<\/option><option value=\"Van\">Van<\/option><option value=\"Motorcycle\">Motorcycle<\/option><\/select><\/span><\/p>\n<p><span class=\"wpcf7-form-control-wrap targa\"><input type=\"text\" name=\"targa\" value=\"\" size=\"40\" class=\"wpcf7-form-control wpcf7-text\" aria-invalid=\"false\" placeholder=\"License plate\" \/><\/span><br><br \/>\n<span class=\"wpcf7-form-control-wrap model\"><input type=\"text\" name=\"model\" value=\"\" size=\"40\" class=\"wpcf7-form-control wpcf7-text\" aria-invalid=\"false\" placeholder=\"Model\" \/><\/span><\/p>\n<p><span class=\"wpcf7-form-control-wrap your-message\"><textarea name=\"your-message\" cols=\"40\" rows=\"10\" class=\"wpcf7-form-control wpcf7-textarea\" aria-invalid=\"false\" placeholder=\"Message\"><\/textarea><\/span> <\/p>\n<p class=\"ptag\">Privacy:<\/p>\n<div class=\"privacy\">\n<p>La scrivente fornisce, di seguito, le informazioni riguardanti l\u2019utilizzo dei dati personali da Lei rilasciati attraverso la compilazione di questo form, in osservanza alle norme di cui al Regolamento UE 2016\/679, relativo alla protezione delle persone fisiche con riguardo al trattamento dei dati personali, nonch\u00e9 alla libera circolazione di tali dati (noto anche come GDPR). I dati concernenti la Sua persona, da Lei spontaneamente forniti tramite la compilazione di moduli informatici, vengono raccolti esclusivamente per consentire il contatto con l\u2019azienda e, eventualmente, eseguire il contratto con Lei concluso. Il conferimento, da parte Sua, dei dati in parola ha natura obbligatoria; il suo eventuale rifiuto non ci permetter\u00e0 di fornirLe il prodotto\/servizio da Lei richiesto (potenzialmente esponendoLa a responsabilit\u00e0 per inadempimento contrattuale) e, comunque, di evadere la Sua richiesta. All\u2019interno della nostra struttura potr\u00e0 venire a conoscenza dei dati solo il personale incaricato di effettuare operazioni di trattamento dei dati stessi, sempre per le citate finalit\u00e0. Le ricordiamo inoltre che, facendone apposita richiesta al titolare del trattamento, potr\u00e0 esercitare tutti i diritti previsti dagli articoli da 15 a 22 del predetto Regolamento UE, che Le consentono, in particolare, la facolt\u00e0 di chiedere l\u2019accesso ai dati personali e di estrarne copia (art. 15 GDPR), la rettifica (art. 16 GDPR) e la cancellazione degli stessi (art. 17 GDPR), la limitazione del trattamento che La riguardi (art. 18 GDPR), la portabilit\u00e0 dei dati (art. 20 GDPR, ove ne ricorrano i presupposti) e di opporsi al trattamento che La riguardi (artt. 21 e 22 GDPR, per le ipotesi ivi menzionate e, in particolare, al trattamento per finalit\u00e0 di marketing o che si traduca in un processo decisionale automatizzato, compresa la profilazione, che produca effetti giuridici che lo riguardano, ove ne ricorrano i presupposti). Le ricordiamo, altres\u00ec, il Suo diritto, qualora il trattamento sia basato sul consenso, di revocare detto consenso in qualsiasi momento, senza pregiudicare la liceit\u00e0 del trattamento basata sul consenso prestato prima della revoca; per fare ci\u00f2, pu\u00f2 disiscriversi in ogni momento contattando il titolare del trattamento ai recapiti pubblicati sul sito stesso. La informiamo, inoltre, del diritto di proporre reclamo all\u2019Autorit\u00e0 Garante per la Protezione dei Dati Personali, quale autorit\u00e0 di controllo operante in Italia, e di proporre ricorso giurisdizionale, tanto avverso una decisione dell\u2019Autorit\u00e0 Garante, quanto nei confronti del titolare del trattamento stesso e\/o di un responsabile del trattamento.<\/p>\n<\/div>\n<p><span class=\"wpcf7-form-control-wrap checkbox-899\"><span class=\"wpcf7-form-control wpcf7-checkbox wpcf7-validates-as-required\"><span class=\"wpcf7-list-item first last\"><input type=\"checkbox\" name=\"checkbox-899[]\" value=\"* Ho letto e accetto le condizioni della Privacy\" \/><span class=\"wpcf7-list-item-label\">* Ho letto e accetto le condizioni della Privacy<\/span><\/span><\/span><\/span><\/p>\n<p><input type=\"submit\" value=\"Invia\" class=\"wpcf7-form-control wpcf7-submit\" \/><\/p>\n<div class=\"wpcf7-response-output\" aria-hidden=\"true\"><\/div><\/form><\/div><\/p>\n","protected":false},"author":1,"featured_media":0,"parent":0,"menu_order":0,"comment_status":"closed","ping_status":"closed","template":"","meta":{"_et_pb_use_builder":"on","_et_pb_old_content":"","_et_gb_content_width":""},"yoast_head":"<!-- This site is optimized with the Yoast SEO plugin v15.4 - https:\/\/yoast.com\/wordpress\/plugins\/seo\/ -->\n<title>Services | Autoservizi Delfino<\/title>\n<meta name=\"robots\" content=\"index, follow, max-snippet:-1, max-image-preview:large, max-video-preview:-1\" \/>\n<link rel=\"canonical\" href=\"https:\/\/autoservizidelfino.it\/en\/services\/\" \/>\n<meta property=\"og:locale\" content=\"en_US\" \/>\n<meta property=\"og:type\" content=\"article\" \/>\n<meta property=\"og:title\" content=\"Services | Autoservizi Delfino\" \/>\n<meta property=\"og:description\" content=\"Services\" \/>\n<meta property=\"og:url\" content=\"https:\/\/autoservizidelfino.it\/en\/services\/\" \/>\n<meta property=\"og:site_name\" content=\"Autoservizi Delfino\" \/>\n<meta property=\"article:modified_time\" content=\"2023-02-02T16:20:11+00:00\" \/>\n<meta name=\"twitter:card\" content=\"summary_large_image\" \/>\n<meta name=\"twitter:label1\" content=\"Written by\">\n\t<meta name=\"twitter:data1\" content=\"wp-backend\">\n\t<meta name=\"twitter:label2\" content=\"Est. reading time\">\n\t<meta name=\"twitter:data2\" content=\"1 minute\">\n<script type=\"application\/ld+json\" class=\"yoast-schema-graph\">{\"@context\":\"https:\/\/schema.org\",\"@graph\":[{\"@type\":\"Organization\",\"@id\":\"https:\/\/teal-rail-975643.hostingersite.com\/#organization\",\"name\":\"AUTOSERVIZI DELFINO SNC\",\"url\":\"https:\/\/teal-rail-975643.hostingersite.com\/\",\"sameAs\":[],\"logo\":{\"@type\":\"ImageObject\",\"@id\":\"https:\/\/teal-rail-975643.hostingersite.com\/#logo\",\"inLanguage\":\"en-US\",\"url\":\"https:\/\/autoservizidelfino.it\/wp-content\/uploads\/2020\/08\/logo.png\",\"width\":331,\"height\":104,\"caption\":\"AUTOSERVIZI DELFINO SNC\"},\"image\":{\"@id\":\"https:\/\/teal-rail-975643.hostingersite.com\/#logo\"}},{\"@type\":\"WebSite\",\"@id\":\"https:\/\/teal-rail-975643.hostingersite.com\/#website\",\"url\":\"https:\/\/teal-rail-975643.hostingersite.com\/\",\"name\":\"Autoservizi Delfino\",\"description\":\"Noleggio Automezzi con Autista\",\"publisher\":{\"@id\":\"https:\/\/teal-rail-975643.hostingersite.com\/#organization\"},\"potentialAction\":[{\"@type\":\"SearchAction\",\"target\":\"https:\/\/teal-rail-975643.hostingersite.com\/?s={search_term_string}\",\"query-input\":\"required name=search_term_string\"}],\"inLanguage\":\"en-US\"},{\"@type\":\"WebPage\",\"@id\":\"https:\/\/autoservizidelfino.it\/en\/services\/#webpage\",\"url\":\"https:\/\/autoservizidelfino.it\/en\/services\/\",\"name\":\"Services | Autoservizi Delfino\",\"isPartOf\":{\"@id\":\"https:\/\/teal-rail-975643.hostingersite.com\/#website\"},\"datePublished\":\"2020-08-03T12:27:44+00:00\",\"dateModified\":\"2023-02-02T16:20:11+00:00\",\"inLanguage\":\"en-US\",\"potentialAction\":[{\"@type\":\"ReadAction\",\"target\":[\"https:\/\/autoservizidelfino.it\/en\/services\/\"]}]}]}<\/script>\n<!-- \/ Yoast SEO plugin. -->","_links":{"self":[{"href":"https:\/\/autoservizidelfino.it\/en\/wp-json\/wp\/v2\/pages\/231\/"}],"collection":[{"href":"https:\/\/autoservizidelfino.it\/en\/wp-json\/wp\/v2\/pages\/"}],"about":[{"href":"https:\/\/autoservizidelfino.it\/en\/wp-json\/wp\/v2\/types\/page\/"}],"author":[{"embeddable":true,"href":"https:\/\/autoservizidelfino.it\/en\/wp-json\/wp\/v2\/users\/1\/"}],"replies":[{"embeddable":true,"href":"https:\/\/autoservizidelfino.it\/en\/wp-json\/wp\/v2\/comments\/?post=231"}],"version-history":[{"count":4,"href":"https:\/\/autoservizidelfino.it\/en\/wp-json\/wp\/v2\/pages\/231\/revisions\/"}],"predecessor-version":[{"id":2532,"href":"https:\/\/autoservizidelfino.it\/en\/wp-json\/wp\/v2\/pages\/231\/revisions\/2532\/"}],"wp:attachment":[{"href":"https:\/\/autoservizidelfino.it\/en\/wp-json\/wp\/v2\/media\/?parent=231"}],"curies":[{"name":"wp","href":"https:\/\/api.w.org\/{rel}","templated":true}]}}